{"id":6905,"date":"2024-01-02T11:08:56","date_gmt":"2024-01-02T10:08:56","guid":{"rendered":"https:\/\/carlofon-shop.de\/shop\/?post_type=product&#038;p=6905"},"modified":"2025-01-17T11:48:12","modified_gmt":"2025-01-17T10:48:12","slug":"noxudol-720-loesemittelfreier-rostschutz-1-liter","status":"publish","type":"product","link":"https:\/\/carlofon-shop.de\/shop\/produkt\/noxudol-720-loesemittelfreier-rostschutz-1-liter\/","title":{"rendered":"Noxudol 720  L\u00f6semittelfreier Rostschutz 1-Liter"},"content":{"rendered":"<p>Noxudol 720 ist ein l\u00f6semittelfreies, thixotropes Rostschutzmittel auf Wasserbasis zur Behandlung von Hohlr\u00e4umen von Fahrzeugen.<\/p>\n<p>H\u00f6chste Penetration und Tropffreiheit nach ca. 20 Minuten.<\/p>\n<p>Auch sehr gut als Transport- und Lagerschutz geeignet. Nach dem Trocknen bildet das Produkt einen wachsartigen, wasserabweisenden Film, der vor Rost und auch vor Streusalz sch\u00fctzt.<\/p>\n","protected":false},"excerpt":{"rendered":"<p>Noxudol 720 ist ein l\u00f6semittelfreies, thixotropes Rostschutzmittel auf Wasserbasis zur Behandlung von Hohlr\u00e4umen von Fahrzeugen. H\u00f6chste Penetration und Tropffreiheit nach ca. 20 Minuten. Auch sehr gut als Transport- und Lagerschutz geeignet. Nach dem Trocknen bildet das Produkt einen wachsartigen, wasserabweisenden Film, der vor Rost und auch vor Streusalz sch\u00fctzt.<\/p>\n","protected":false},"featured_media":3173,"template":"","meta":{"_et_pb_use_builder":"","_et_pb_old_content":"","_et_gb_content_width":""},"product_brand":[],"product_cat":[1978],"product_tag":[1607,1885,1332,1606,1503,1848,1436],"class_list":{"0":"post-6905","1":"product","2":"type-product","3":"status-publish","4":"has-post-thumbnail","6":"product_cat-korrosionsschutz","7":"product_tag-1607","8":"product_tag-angebot","9":"product_tag-carlofon","10":"product_tag-noxudol","11":"product_tag-rostschutz","12":"product_tag-sonderangebot","13":"product_tag-spray","15":"first","16":"instock","17":"taxable","18":"shipping-taxable","19":"product-type-simple"},"_links":{"self":[{"href":"https:\/\/carlofon-shop.de\/shop\/wp-json\/wp\/v2\/product\/6905","targetHints":{"allow":["GET"]}}],"collection":[{"href":"https:\/\/carlofon-shop.de\/shop\/wp-json\/wp\/v2\/product"}],"about":[{"href":"https:\/\/carlofon-shop.de\/shop\/wp-json\/wp\/v2\/types\/product"}],"wp:featuredmedia":[{"embeddable":true,"href":"https:\/\/carlofon-shop.de\/shop\/wp-json\/wp\/v2\/media\/3173"}],"wp:attachment":[{"href":"https:\/\/carlofon-shop.de\/shop\/wp-json\/wp\/v2\/media?parent=6905"}],"wp:term":[{"taxonomy":"product_brand","embeddable":true,"href":"https:\/\/carlofon-shop.de\/shop\/wp-json\/wp\/v2\/product_brand?post=6905"},{"taxonomy":"product_cat","embeddable":true,"href":"https:\/\/carlofon-shop.de\/shop\/wp-json\/wp\/v2\/product_cat?post=6905"},{"taxonomy":"product_tag","embeddable":true,"href":"https:\/\/carlofon-shop.de\/shop\/wp-json\/wp\/v2\/product_tag?post=6905"}],"curies":[{"name":"wp","href":"https:\/\/api.w.org\/{rel}","templated":true}]}}