{"id":6731,"date":"2023-08-17T08:17:21","date_gmt":"2023-08-17T06:17:21","guid":{"rendered":"https:\/\/carlofon-shop.de\/shop\/?post_type=product&#038;p=6731"},"modified":"2024-01-16T09:38:36","modified_gmt":"2024-01-16T08:38:36","slug":"neu-skimfix-840-rapid-2-k-fuer-plastikreparatur-verklebungen-50-ml-kartusche","status":"publish","type":"product","link":"https:\/\/carlofon-shop.de\/shop\/produkt\/neu-skimfix-840-rapid-2-k-fuer-plastikreparatur-verklebungen-50-ml-kartusche\/","title":{"rendered":"(Diisocyanat-reduziert!) Skimfix 840 Rapid, 2-K, f\u00fcr Plastikreparatur-Verklebungen, 50 ml Kartusche"},"content":{"rendered":"<p style=\"font-size: 13px; font-family: Arial, Verdana, Helvetica;\"><span style=\"color: #000000;\"><strong style=\"font-size: 13px;\"><span style=\"font-size: 13px;\"><span style=\"font-size: 24px;\">50 ml Kartusche SKIMFIX 840 Rapid<br \/>\n<span style=\"color: #0000ff;\">Diisocyanat-reduzierter<\/span> Polyurethankleber !!!<\/span><\/span><\/strong><\/span><\/p>\n<p style=\"font-size: 13px; font-family: Arial, Verdana, Helvetica;\">\u00a0<a class=\"btn btn-default\" href=\"https:\/\/www.youtube.com\/watch?v=oJwZmTLPtMw\" target=\"_blank\" rel=\"noreferrer noopener\">zum Anwendungsvideo<\/a><\/p>\n<p><strong style=\"font-family: Arial, Verdana, Helvetica; font-size: 13px;\">Mehr dazu auch auf <a href=\"https:\/\/schaden.news\/de\/article\/link\/41851\/carlofon-kunststoffreparatur\" target=\"_blank\" rel=\"noreferrer noopener\">schaden.news<\/a><\/strong><\/p>\n<p>Art.-Nr. 40774<\/p>\n<p><strong style=\"font-family: Arial, Verdana, Helvetica; font-size: 13px;\">Neu! Skimfix 840 Rapid mit angepasster Formel und Verarbeitungzeit 1,5 Minuten<br \/>\n<span style=\"color: #0000ff;\">Hier finden Sie die Diisocyanat-reduzierte Variante &#8211; an die REACH-Verordnung angepasst!<\/span><\/strong><\/p>\n<p style=\"font-size: 13px; font-family: Arial, Verdana, Helvetica;\">50 ml Kartusche VPE 6<br \/>\npassende Mischerd\u00fcsen: Siehe Art.-Nr. 40776<\/p>\n<p style=\"font-size: 13px; font-family: Arial, Verdana, Helvetica;\"><a href=\"https:\/\/www.youtube.com\/watch?v=uhU5eernW-E&amp;t=88s\" target=\"_blank\" rel=\"noreferrer noopener\">Zum Anwendungsvideo (YouTube) &#8211; HIER KLICKEN<\/a><\/p>\n<p>Carlofon Skimfix ist ein schnell aush\u00e4rtender, einfach anzuwendender struktureller 2-Komponenten-Polyurethankleber, der durch eine chemische Reaktion der beiden Komponenten aush\u00e4rtet und ein dauerhaftes Polymer bildet, das gegen erh\u00f6hte Temperaturen, Feuchtigkeit, Kraftstoff, viele L\u00f6sungsmittel und Chemikalien best\u00e4ndig ist.<\/p>\n<p>Carlofon Skimfix wurde speziell f\u00fcr kleine, schnelle und dauerhafte Kleb- und Reparaturarbeiten entwickelt. Carlofon Skimfix zeichnet sich durch gute Standfestigkeit aus, erm\u00f6glicht eine vertikale Applikation und bietet hervorragende Spaltf\u00fcllungseigenschaften.<\/p>\n<p>In Kombination mit einem Versteifungsgitter k\u00f6nnen gebrochene oder fehlende Sto\u00dff\u00e4ngerlaschen nachgebaut werden.<\/p>\n<p>Die Oberfl\u00e4che muss sauber, trocken und frei von \u00d6l und Fett sein. Bevor der Mixer auf die Doppelkartusche aufgesetzt wird, sollte solange Material ausgedr\u00fcckt werden, bis aus beiden Kartuschen Material flie\u00dft. Es wird empfohlen, die ersten 25 bis 50 mm des dispensierten Materials zu verwerfen, da es sich m\u00f6glicherweise nicht im richtigen Verh\u00e4ltnis befindet. Ausreichend gemischter Haftkleber hat eine gleichf\u00f6rmige schwarze Farbe, ist cremig, glatt und gl\u00e4nzend.<\/p>\n<p>Das Material in dem Mischer wird bei ungef\u00e4hr der H\u00e4lfte der offenen Zeit sehr schwierig oder unm\u00f6glich abzugeben sein.<\/p>\n<p style=\"font-size: 13px; font-family: Arial, Verdana, Helvetica;\"><strong style=\"font-size: 13px;\">Verarbeitung:<\/strong><\/p>\n<p style=\"font-size: 13px; font-family: Arial, Verdana, Helvetica;\">Nach Beendigung der Dosierung den Mischer so lange stehen lassen, bis Carlofon Skimfix wieder verwendet wird. Der Rest des Klebers hat bei sachgerechter Lagerung eine Haltbarkeit von mehreren Wochen. Um Carlofon Skimfix erneut zu verwenden, entfernen Sie den statischen Mischer und entsorgen Sie ihn ordnungsgem\u00e4\u00df.<\/p>\n<p style=\"font-size: 13px; font-family: Arial, Verdana, Helvetica;\">Reinigen Sie die Patronend\u00fcse sorgf\u00e4ltig, die Produkte in den beiden Kammern m\u00fcssen sauber getrennt sein. Wenn auf beiden Seiten ein Schwarz-Braun-Gemisch vorhanden ist, geben Sie etwas Produkt aus den \u00d6ffnungen ab, ohne dass eine Mischerspitze angebracht ist, bis nur noch ein Einzelkomponentenprodukt in jeder Kammer vorhanden ist. Schlie\u00dflich einen neuen Mixer ansetzen und mit der Ausgabe beginnen.<\/p>\n<p>Lagerung:\u00a0 Unge\u00f6ffnete Beh\u00e4lter an einem trockenen Ort bei 15 &#8211; 32 \u00b0 C lagern<br \/>\nHaltbarkeit: 12 Monate in der original verschlossenen Kartusche<\/p>\n<p><strong>New! Art. 40774 Skimfix-Rapid with improved formula and processing tim<span style=\"font-size: 12px;\">e 1.5 minutes<br \/>\n<strong style=\"font-family: Arial, Verdana, Helvetica; font-size: 13px;\"><span style=\"color: #0000ff;\">Here you find the diisocyanat-reduced variation!<\/span><\/strong><br \/>\n<\/span><\/strong><\/p>\n<p>The 50 ml cartridge<\/p>\n<p>Carlofon Skimfix is a fast hardend, easy to use 2-component-polyurethane glue, which hardens by a chemical reaction of the two components and forms a durable polymer, resistant to elevated\u00a0 temperatures, humidity, fuel, many solvents and chemicals.<\/p>\n<p>Carlofon Skimfix was specially developed for small, fast and permanent bonding and repair work. Carlofon Skimfix is characterized by good stability, allows a vertical application and offers excellent gap filling characteristics.<\/p>\n<p>In combination with a reinforcing mesh, broken or missing bumper lugs can be rebuilt. The surface must be clean, dry and free from oil and grease. Before putting the the mixer of the double cartridge, material should be squeezed out until both cartridge material flows.<\/p>\n<p>It is recommended to discard the first 25 to 50 mm of the dispensed material, since\u00a0it may not be in the right proportion. Sufficiently mixed adhesive has an even black color, is creamy, smooth and shiny. The material in the mixer maybe very difficult or might even be impossible to deliver at about half the open time<\/p>\n<p><strong>Processing:<\/strong><\/p>\n<p>After use keep mixer in an upright position until Carlofon Skimfix is used again. The rest of the glue has a proper storage shelf life of several weeks. To reuse Carlofon Skimfix, remove the static mixer and dispose of it properly.<\/p>\n<p>Carefully clean the cartridge nozzle, the products in the two chambers must be cleaned separately. If there is a black and brown mixture on both sides, release \u00a0some of the produkt without attaching \u00a0a mixture tip, until only a single component product is present in each chamber. Finally, attach a new mixer and start outputting.<\/p>\n<p>Storage: Store unopened containers in a dry place at 15 &#8211; 32 \u00b0 C<br \/>\nShelf life: 12 months in the original sealed cartridge<\/p>\n","protected":false},"excerpt":{"rendered":"<p>50 ml Kartusche SKIMFIX 840 Rapid Diisocyanat-reduzierter Polyurethankleber !!! \u00a0zum Anwendungsvideo Mehr dazu auch auf schaden.news Art.-Nr. 40774 Neu! Skimfix 840 Rapid mit angepasster Formel und Verarbeitungzeit 1,5 Minuten Hier finden Sie die Diisocyanat-reduzierte Variante &#8211; an die REACH-Verordnung angepasst! 50 ml Kartusche VPE 6 passende Mischerd\u00fcsen: Siehe Art.-Nr. 40776 Zum Anwendungsvideo (YouTube) &#8211; HIER [&hellip;]<\/p>\n","protected":false},"featured_media":6740,"template":"","meta":{"_et_pb_use_builder":"","_et_pb_old_content":"","_et_gb_content_width":""},"product_brand":[],"product_cat":[132],"product_tag":[1697,1442,1332,1953,112,1722,1928,1587,1430],"class_list":{"0":"post-6731","1":"product","2":"type-product","3":"status-publish","4":"has-post-thumbnail","6":"product_cat-kunststoffreparatur","7":"product_tag-2-k","8":"product_tag-2k","9":"product_tag-carlofon","10":"product_tag-diisocyanat","11":"product_tag-kunststoff","12":"product_tag-plastik","13":"product_tag-reduziert","14":"product_tag-skimfix","15":"product_tag-verklebung","17":"first","18":"instock","19":"taxable","20":"shipping-taxable","21":"product-type-simple"},"_links":{"self":[{"href":"https:\/\/carlofon-shop.de\/shop\/wp-json\/wp\/v2\/product\/6731","targetHints":{"allow":["GET"]}}],"collection":[{"href":"https:\/\/carlofon-shop.de\/shop\/wp-json\/wp\/v2\/product"}],"about":[{"href":"https:\/\/carlofon-shop.de\/shop\/wp-json\/wp\/v2\/types\/product"}],"wp:featuredmedia":[{"embeddable":true,"href":"https:\/\/carlofon-shop.de\/shop\/wp-json\/wp\/v2\/media\/6740"}],"wp:attachment":[{"href":"https:\/\/carlofon-shop.de\/shop\/wp-json\/wp\/v2\/media?parent=6731"}],"wp:term":[{"taxonomy":"product_brand","embeddable":true,"href":"https:\/\/carlofon-shop.de\/shop\/wp-json\/wp\/v2\/product_brand?post=6731"},{"taxonomy":"product_cat","embeddable":true,"href":"https:\/\/carlofon-shop.de\/shop\/wp-json\/wp\/v2\/product_cat?post=6731"},{"taxonomy":"product_tag","embeddable":true,"href":"https:\/\/carlofon-shop.de\/shop\/wp-json\/wp\/v2\/product_tag?post=6731"}],"curies":[{"name":"wp","href":"https:\/\/api.w.org\/{rel}","templated":true}]}}