{"id":6172,"date":"2022-10-14T08:28:14","date_gmt":"2022-10-14T06:28:14","guid":{"rendered":"https:\/\/carlofon-shop.de\/shop\/?post_type=product&#038;p=6172"},"modified":"2022-10-14T08:28:16","modified_gmt":"2022-10-14T06:28:16","slug":"carlofon-multireiniger-10-liter-kanne-art-40588","status":"publish","type":"product","link":"https:\/\/carlofon-shop.de\/shop\/produkt\/carlofon-multireiniger-10-liter-kanne-art-40588\/","title":{"rendered":"Carlofon-Multireiniger 10 Liter Kanne, Art. 40588"},"content":{"rendered":"<p>Der\u00a0<strong>Carlofon-Multireiniger<\/strong>\u00a0 ist ein wirkungsvolles Spezialmittel zur Reinigung von\u00a0 Polster, Leder, Teppichen, Planen und allen Kunststoffen. Er reinigt Sitzbez\u00fcge, Cabrio- Stoffverdecke, Textilien, Glattleder, Kunststoffteile schonend und frischt die Farben auf.\u00a0 Ger\u00fcche werden dauerhaft entfernt und durch einen angenehmen Citrus-Duft ersetzt.\u00a0 Durch seine neue Formel ist er noch kraftvoller und entfernt selbst hartn\u00e4ckigste\u00a0 Verschmutzungen wie \u00d6L, Fett, Nikotinr\u00fcckst\u00e4nde, Insektenr\u00fcckst\u00e4nde, Kaffee, Saft etc.\u00a0 <strong>Carlofon-Multi-Reiniger<\/strong>\u00a0ist auch f\u00fcr die Au\u00dfenreinigung von PKW`s, Tankz\u00fcgen, Chassis, LKW, Fahrzeugaufbauten zu verwenden.<\/p>\n<p>Sie erhalten eine fertige Mischung zur direkten Anwendung zum Beispiel mit einem Druckpump-Zerst\u00e4uber (Art.-Nr. 1700200).<\/p>\n","protected":false},"excerpt":{"rendered":"<p>Der\u00a0Carlofon-Multireiniger\u00a0 ist ein wirkungsvolles Spezialmittel zur Reinigung von\u00a0 Polster, Leder, Teppichen, Planen und allen Kunststoffen. Er reinigt Sitzbez\u00fcge, Cabrio- Stoffverdecke, Textilien, Glattleder, Kunststoffteile schonend und frischt die Farben auf.\u00a0 Ger\u00fcche werden dauerhaft entfernt und durch einen angenehmen Citrus-Duft ersetzt.\u00a0 Durch seine neue Formel ist er noch kraftvoller und entfernt selbst hartn\u00e4ckigste\u00a0 Verschmutzungen wie \u00d6L, Fett, [&hellip;]<\/p>\n","protected":false},"featured_media":0,"template":"","meta":{"_et_pb_use_builder":"","_et_pb_old_content":"","_et_gb_content_width":""},"product_brand":[],"product_cat":[58],"product_tag":[1864,1865,1866,1867,1868,1869],"class_list":{"0":"post-6172","1":"product","2":"type-product","3":"status-publish","5":"product_cat-reinigung-und-pflege","6":"product_tag-entfernen","7":"product_tag-fleck","8":"product_tag-multireiniger","9":"product_tag-nikotin","10":"product_tag-polster","11":"product_tag-schmutz","13":"first","14":"instock","15":"taxable","16":"shipping-taxable","17":"product-type-simple"},"_links":{"self":[{"href":"https:\/\/carlofon-shop.de\/shop\/wp-json\/wp\/v2\/product\/6172","targetHints":{"allow":["GET"]}}],"collection":[{"href":"https:\/\/carlofon-shop.de\/shop\/wp-json\/wp\/v2\/product"}],"about":[{"href":"https:\/\/carlofon-shop.de\/shop\/wp-json\/wp\/v2\/types\/product"}],"wp:attachment":[{"href":"https:\/\/carlofon-shop.de\/shop\/wp-json\/wp\/v2\/media?parent=6172"}],"wp:term":[{"taxonomy":"product_brand","embeddable":true,"href":"https:\/\/carlofon-shop.de\/shop\/wp-json\/wp\/v2\/product_brand?post=6172"},{"taxonomy":"product_cat","embeddable":true,"href":"https:\/\/carlofon-shop.de\/shop\/wp-json\/wp\/v2\/product_cat?post=6172"},{"taxonomy":"product_tag","embeddable":true,"href":"https:\/\/carlofon-shop.de\/shop\/wp-json\/wp\/v2\/product_tag?post=6172"}],"curies":[{"name":"wp","href":"https:\/\/api.w.org\/{rel}","templated":true}]}}