{"id":5739,"date":"2022-07-20T12:59:10","date_gmt":"2022-07-20T10:59:10","guid":{"rendered":"https:\/\/carlofon-shop.de\/shop\/?post_type=product&#038;p=5739"},"modified":"2023-06-05T18:50:36","modified_gmt":"2023-06-05T16:50:36","slug":"carlofon-bike-high-tec-reiniger-fuer-e-bike-und-bike","status":"publish","type":"product","link":"https:\/\/carlofon-shop.de\/shop\/produkt\/carlofon-bike-high-tec-reiniger-fuer-e-bike-und-bike\/","title":{"rendered":"CARLOFON BIKE &#8211; High-Tec-Reiniger f\u00fcr E-Bike und Bike 1 Liter"},"content":{"rendered":"<p>CARLOFON\u00ae BIKE-WASHER ist ein universell f\u00fcr alle Fahrr\u00e4der und E-Bikes einsetzbares Reinigungsmittel. Durch seine Gelformel<br \/>\nhaftet der Reiniger auch an vertikalen Stellen und entfernt selbst st\u00e4rkste Verschmutzungen wie \u00d6l, Fett, Stra\u00dfenstaub oder verkrustete<br \/>\nSchlammr\u00fcckst\u00e4nde gr\u00fcndlich und r\u00fcckstandsfrei. Selbst verschmutzte Ketten, Zahnkr\u00e4nze und Kassetten werden wieder strahlend sauber.<br \/>\nCARLOFON\u00ae BIKE-WASHER ist aufgrund seiner schonenden Gelformel vertr\u00e4glich mit allen Materialien.<\/p>\n","protected":false},"excerpt":{"rendered":"<p>CARLOFON\u00ae BIKE-WASHER ist ein universell f\u00fcr alle Fahrr\u00e4der und E-Bikes einsetzbares Reinigungsmittel. Durch seine Gelformel haftet der Reiniger auch an vertikalen Stellen und entfernt selbst st\u00e4rkste Verschmutzungen wie \u00d6l, Fett, Stra\u00dfenstaub oder verkrustete Schlammr\u00fcckst\u00e4nde gr\u00fcndlich und r\u00fcckstandsfrei. Selbst verschmutzte Ketten, Zahnkr\u00e4nze und Kassetten werden wieder strahlend sauber. CARLOFON\u00ae BIKE-WASHER ist aufgrund seiner schonenden Gelformel vertr\u00e4glich [&hellip;]<\/p>\n","protected":false},"featured_media":5741,"template":"","meta":{"_et_pb_use_builder":"","_et_pb_old_content":"","_et_gb_content_width":""},"product_brand":[],"product_cat":[394,58],"product_tag":[1792,1332,1794,1793,1534],"class_list":{"0":"post-5739","1":"product","2":"type-product","3":"status-publish","4":"has-post-thumbnail","6":"product_cat-polituren-und-zubehoer","7":"product_cat-reinigung-und-pflege","8":"product_tag-bike","9":"product_tag-carlofon","10":"product_tag-e-bike","11":"product_tag-ebike","12":"product_tag-reiniger","14":"first","15":"instock","16":"taxable","17":"shipping-taxable","18":"product-type-simple"},"_links":{"self":[{"href":"https:\/\/carlofon-shop.de\/shop\/wp-json\/wp\/v2\/product\/5739","targetHints":{"allow":["GET"]}}],"collection":[{"href":"https:\/\/carlofon-shop.de\/shop\/wp-json\/wp\/v2\/product"}],"about":[{"href":"https:\/\/carlofon-shop.de\/shop\/wp-json\/wp\/v2\/types\/product"}],"wp:featuredmedia":[{"embeddable":true,"href":"https:\/\/carlofon-shop.de\/shop\/wp-json\/wp\/v2\/media\/5741"}],"wp:attachment":[{"href":"https:\/\/carlofon-shop.de\/shop\/wp-json\/wp\/v2\/media?parent=5739"}],"wp:term":[{"taxonomy":"product_brand","embeddable":true,"href":"https:\/\/carlofon-shop.de\/shop\/wp-json\/wp\/v2\/product_brand?post=5739"},{"taxonomy":"product_cat","embeddable":true,"href":"https:\/\/carlofon-shop.de\/shop\/wp-json\/wp\/v2\/product_cat?post=5739"},{"taxonomy":"product_tag","embeddable":true,"href":"https:\/\/carlofon-shop.de\/shop\/wp-json\/wp\/v2\/product_tag?post=5739"}],"curies":[{"name":"wp","href":"https:\/\/api.w.org\/{rel}","templated":true}]}}