{"id":5123,"date":"2021-12-13T19:39:06","date_gmt":"2021-12-13T18:39:06","guid":{"rendered":"https:\/\/carlofon-shop.de\/shop\/?post_type=product&#038;p=5123"},"modified":"2022-02-12T13:58:29","modified_gmt":"2022-02-12T12:58:29","slug":"mischerduesen-fuer-schwemmzinnersatz","status":"publish","type":"product","link":"https:\/\/carlofon-shop.de\/shop\/produkt\/mischerduesen-fuer-schwemmzinnersatz\/","title":{"rendered":"Mischerd\u00fcsen f\u00fcr Schwemmzinnersatz"},"content":{"rendered":"<p>Mischerd\u00fcsen f\u00fcr Schwemmzinnersatz<\/p>\n","protected":false},"excerpt":{"rendered":"<p>Mischerd\u00fcsen f\u00fcr Schwemmzinnersatz<\/p>\n","protected":false},"featured_media":4052,"template":"","meta":{"_et_pb_use_builder":"","_et_pb_old_content":"","_et_gb_content_width":""},"product_brand":[],"product_cat":[48],"product_tag":[1332,1461,1584,1583],"class_list":{"0":"post-5123","1":"product","2":"type-product","3":"status-publish","4":"has-post-thumbnail","6":"product_cat-verbrauchsmaterialien","7":"product_tag-carlofon","8":"product_tag-duese","9":"product_tag-mischerduesen","10":"product_tag-schwemmzinnersatz","12":"first","13":"instock","14":"taxable","15":"shipping-taxable","16":"product-type-simple"},"_links":{"self":[{"href":"https:\/\/carlofon-shop.de\/shop\/wp-json\/wp\/v2\/product\/5123","targetHints":{"allow":["GET"]}}],"collection":[{"href":"https:\/\/carlofon-shop.de\/shop\/wp-json\/wp\/v2\/product"}],"about":[{"href":"https:\/\/carlofon-shop.de\/shop\/wp-json\/wp\/v2\/types\/product"}],"wp:featuredmedia":[{"embeddable":true,"href":"https:\/\/carlofon-shop.de\/shop\/wp-json\/wp\/v2\/media\/4052"}],"wp:attachment":[{"href":"https:\/\/carlofon-shop.de\/shop\/wp-json\/wp\/v2\/media?parent=5123"}],"wp:term":[{"taxonomy":"product_brand","embeddable":true,"href":"https:\/\/carlofon-shop.de\/shop\/wp-json\/wp\/v2\/product_brand?post=5123"},{"taxonomy":"product_cat","embeddable":true,"href":"https:\/\/carlofon-shop.de\/shop\/wp-json\/wp\/v2\/product_cat?post=5123"},{"taxonomy":"product_tag","embeddable":true,"href":"https:\/\/carlofon-shop.de\/shop\/wp-json\/wp\/v2\/product_tag?post=5123"}],"curies":[{"name":"wp","href":"https:\/\/api.w.org\/{rel}","templated":true}]}}