{"id":4300,"date":"2021-07-01T19:11:34","date_gmt":"2021-07-01T17:11:34","guid":{"rendered":"https:\/\/carlofon-shop.de\/shop\/produkt\/adapter-fuer-haertekartuschen-f-spachtelspender-3-kg\/"},"modified":"2022-02-12T13:53:59","modified_gmt":"2022-02-12T12:53:59","slug":"adapter-fuer-haertekartuschen-f-spachtelspender-3-kg","status":"publish","type":"product","link":"https:\/\/carlofon-shop.de\/shop\/produkt\/adapter-fuer-haertekartuschen-f-spachtelspender-3-kg\/","title":{"rendered":"Adapter f\u00fcr H\u00e4rtekartuschen f. Spachtelspender 3 kg"},"content":{"rendered":"<p>Adapter f\u00fcr H\u00e4rtekartuschen f. Spachtelspender 3 kg<\/p>\n","protected":false},"excerpt":{"rendered":"<p>Adapter f\u00fcr H\u00e4rtekartuschen f. Spachtelspender 3 kg<\/p>\n","protected":false},"featured_media":3863,"template":"","meta":{"_et_pb_use_builder":"","_et_pb_old_content":"","_et_gb_content_width":""},"product_brand":[],"product_cat":[38],"product_tag":[1489,1332,1490,1491,1492],"class_list":{"0":"post-4300","1":"product","2":"type-product","3":"status-publish","4":"has-post-thumbnail","6":"product_cat-verarbeitungsgeraete-und-werkzeuge","7":"product_tag-adapter","8":"product_tag-carlofon","9":"product_tag-haerter","10":"product_tag-kartuschen","11":"product_tag-spachtelspender","13":"first","14":"instock","15":"taxable","16":"shipping-taxable","17":"product-type-simple"},"_links":{"self":[{"href":"https:\/\/carlofon-shop.de\/shop\/wp-json\/wp\/v2\/product\/4300","targetHints":{"allow":["GET"]}}],"collection":[{"href":"https:\/\/carlofon-shop.de\/shop\/wp-json\/wp\/v2\/product"}],"about":[{"href":"https:\/\/carlofon-shop.de\/shop\/wp-json\/wp\/v2\/types\/product"}],"wp:featuredmedia":[{"embeddable":true,"href":"https:\/\/carlofon-shop.de\/shop\/wp-json\/wp\/v2\/media\/3863"}],"wp:attachment":[{"href":"https:\/\/carlofon-shop.de\/shop\/wp-json\/wp\/v2\/media?parent=4300"}],"wp:term":[{"taxonomy":"product_brand","embeddable":true,"href":"https:\/\/carlofon-shop.de\/shop\/wp-json\/wp\/v2\/product_brand?post=4300"},{"taxonomy":"product_cat","embeddable":true,"href":"https:\/\/carlofon-shop.de\/shop\/wp-json\/wp\/v2\/product_cat?post=4300"},{"taxonomy":"product_tag","embeddable":true,"href":"https:\/\/carlofon-shop.de\/shop\/wp-json\/wp\/v2\/product_tag?post=4300"}],"curies":[{"name":"wp","href":"https:\/\/api.w.org\/{rel}","templated":true}]}}