{"id":4293,"date":"2021-07-01T19:11:31","date_gmt":"2021-07-01T17:11:31","guid":{"rendered":"https:\/\/carlofon-shop.de\/shop\/produkt\/allround-finish-500-ml-spruehflasche\/"},"modified":"2024-09-23T11:07:50","modified_gmt":"2024-09-23T09:07:50","slug":"allround-finish-500-ml-spruehflasche","status":"publish","type":"product","link":"https:\/\/carlofon-shop.de\/shop\/produkt\/allround-finish-500-ml-spruehflasche\/","title":{"rendered":"Allround-Finish 500 ml Spr\u00fchflasche"},"content":{"rendered":"<p style=\"font-size: 13px; font-family: Arial, Verdana, Helvetica; line-height: 18.2px; margin: 0px 0px 6px;\"><span style=\"font-size: 12px; font-family: Arial; color: #000000;\"><span style=\"font-size: 13px;\">Unsere Allround-Pflege f\u00fcr alle glatten und lackierten\u00a0Oberfl\u00e4chen. Reinigt, pflegt und konserviert in nur einem Arbeitsgang.<\/span><\/span><\/p>\n<p style=\"font-size: 13px; font-family: Arial, Verdana, Helvetica; line-height: 18.2px; margin: 0px 0px 6px; text-align: justify;\"><span style=\"font-size: 12px; font-family: Arial; color: #000000;\"><span style=\"font-size: 13px;\"><br \/>\nFingerabdr\u00fccke und leichte Verschmutzungen\u00a0werden schnell und einfach entfernt. Die Oberfl\u00e4chen erhalten einen brillanten\u00a0Glanz und\u00a0hervorragende Oberfl\u00e4chengl\u00e4tte.\u00a0Alle vorher\u00a0 aufgetragene Polituren und Wachse bleiben\u00a0auch nach der Anwendung\u00a0von Carlofon Allround-Finish erhalten. Besonders gut f\u00fcr das schnelle Finish von\u00a0Ausstellungsg\u00fctern in Pr\u00e4sentationsr\u00e4umen\u00a0oder auf Messen sowie zur schnellen Aufbereitung von Fahrzeugen,\u00a0auch im Lackierbereich geeignet. Anwendung: Allround-Finish\u00a0aufspr\u00fchen und mit einem\u00a0Microfasertuch abpolieren. Vor Gebrauch gut sch\u00fctteln.<\/span><\/span><\/p>\n<p style=\"text-align: justify;\">Our all-round care product for all smooth and painted surfaces. Cleans, maintains and preserves in a single work routine. Fingerprints<br \/>\nand dirt are removed quickly and easily. The surfaces get a brilliant shine and excellent surface smoothness. All previously applied<br \/>\npolishes and waxes are retained even after the application of Carlofon Allround finish. Particularly well suited for the fast finish of exhibits<br \/>\nin showrooms or at trade fairs and for quick processing of vehicles.<\/p>\n","protected":false},"excerpt":{"rendered":"<p>Unsere Allround-Pflege f\u00fcr alle glatten und lackierten\u00a0Oberfl\u00e4chen. Reinigt, pflegt und konserviert in nur einem Arbeitsgang. Fingerabdr\u00fccke und leichte Verschmutzungen\u00a0werden schnell und einfach entfernt. Die Oberfl\u00e4chen erhalten einen brillanten\u00a0Glanz und\u00a0hervorragende Oberfl\u00e4chengl\u00e4tte.\u00a0Alle vorher\u00a0 aufgetragene Polituren und Wachse bleiben\u00a0auch nach der Anwendung\u00a0von Carlofon Allround-Finish erhalten. Besonders gut f\u00fcr das schnelle Finish von\u00a0Ausstellungsg\u00fctern in Pr\u00e4sentationsr\u00e4umen\u00a0oder auf Messen sowie zur [&hellip;]<\/p>\n","protected":false},"featured_media":6291,"template":"","meta":{"_et_pb_use_builder":"","_et_pb_old_content":"","_et_gb_content_width":""},"product_brand":[],"product_cat":[394],"product_tag":[],"class_list":{"0":"post-4293","1":"product","2":"type-product","3":"status-publish","4":"has-post-thumbnail","6":"product_cat-polituren-und-zubehoer","8":"first","9":"instock","10":"taxable","11":"shipping-taxable","12":"product-type-simple"},"_links":{"self":[{"href":"https:\/\/carlofon-shop.de\/shop\/wp-json\/wp\/v2\/product\/4293","targetHints":{"allow":["GET"]}}],"collection":[{"href":"https:\/\/carlofon-shop.de\/shop\/wp-json\/wp\/v2\/product"}],"about":[{"href":"https:\/\/carlofon-shop.de\/shop\/wp-json\/wp\/v2\/types\/product"}],"wp:featuredmedia":[{"embeddable":true,"href":"https:\/\/carlofon-shop.de\/shop\/wp-json\/wp\/v2\/media\/6291"}],"wp:attachment":[{"href":"https:\/\/carlofon-shop.de\/shop\/wp-json\/wp\/v2\/media?parent=4293"}],"wp:term":[{"taxonomy":"product_brand","embeddable":true,"href":"https:\/\/carlofon-shop.de\/shop\/wp-json\/wp\/v2\/product_brand?post=4293"},{"taxonomy":"product_cat","embeddable":true,"href":"https:\/\/carlofon-shop.de\/shop\/wp-json\/wp\/v2\/product_cat?post=4293"},{"taxonomy":"product_tag","embeddable":true,"href":"https:\/\/carlofon-shop.de\/shop\/wp-json\/wp\/v2\/product_tag?post=4293"}],"curies":[{"name":"wp","href":"https:\/\/api.w.org\/{rel}","templated":true}]}}