{"id":4279,"date":"2021-07-01T19:11:28","date_gmt":"2021-07-01T17:11:28","guid":{"rendered":"https:\/\/carlofon-shop.de\/shop\/produkt\/anti-frost-pur-30-l-kanne\/"},"modified":"2023-09-06T10:49:43","modified_gmt":"2023-09-06T08:49:43","slug":"anti-frost-pur-30-l-kanne","status":"publish","type":"product","link":"https:\/\/carlofon-shop.de\/shop\/produkt\/anti-frost-pur-30-l-kanne\/","title":{"rendered":"Anti Frost Pur"},"content":{"rendered":"<p>Gefrierschutz und Reiniger f\u00fcr die Scheibenwaschanlage, F\u00e4cherd\u00fcsen geeignet f\u00fcr alle herk\u00f6mmlichen Glassorten sowie f\u00fcr Polycarbonatscheiben.<\/p>\n<p>Anti-freeze agent for windscreen-washers. Helps to keep your windscreen clean.<\/p>\n","protected":false},"excerpt":{"rendered":"<p>Gefrierschutz und Reiniger f\u00fcr die Scheibenwaschanlage, F\u00e4cherd\u00fcsen geeignet f\u00fcr alle herk\u00f6mmlichen Glassorten sowie f\u00fcr Polycarbonatscheiben. Anti-freeze agent for windscreen-washers. Helps to keep your windscreen clean.<\/p>\n","protected":false},"featured_media":3821,"template":"","meta":{"_et_pb_use_builder":"","_et_pb_old_content":"","_et_gb_content_width":""},"product_brand":[],"product_cat":[328],"product_tag":[1484,1828,1827,1826],"class_list":{"0":"post-4279","1":"product","2":"type-product","3":"status-publish","4":"has-post-thumbnail","6":"product_cat-winterartikel","7":"product_tag-anti-frost","8":"product_tag-antifrost","9":"product_tag-frost","10":"product_tag-winter","12":"first","13":"instock","14":"taxable","15":"shipping-taxable","16":"product-type-variable"},"_links":{"self":[{"href":"https:\/\/carlofon-shop.de\/shop\/wp-json\/wp\/v2\/product\/4279","targetHints":{"allow":["GET"]}}],"collection":[{"href":"https:\/\/carlofon-shop.de\/shop\/wp-json\/wp\/v2\/product"}],"about":[{"href":"https:\/\/carlofon-shop.de\/shop\/wp-json\/wp\/v2\/types\/product"}],"wp:featuredmedia":[{"embeddable":true,"href":"https:\/\/carlofon-shop.de\/shop\/wp-json\/wp\/v2\/media\/3821"}],"wp:attachment":[{"href":"https:\/\/carlofon-shop.de\/shop\/wp-json\/wp\/v2\/media?parent=4279"}],"wp:term":[{"taxonomy":"product_brand","embeddable":true,"href":"https:\/\/carlofon-shop.de\/shop\/wp-json\/wp\/v2\/product_brand?post=4279"},{"taxonomy":"product_cat","embeddable":true,"href":"https:\/\/carlofon-shop.de\/shop\/wp-json\/wp\/v2\/product_cat?post=4279"},{"taxonomy":"product_tag","embeddable":true,"href":"https:\/\/carlofon-shop.de\/shop\/wp-json\/wp\/v2\/product_tag?post=4279"}],"curies":[{"name":"wp","href":"https:\/\/api.w.org\/{rel}","templated":true}]}}