{"id":4270,"date":"2021-07-01T19:11:27","date_gmt":"2021-07-01T17:11:27","guid":{"rendered":"https:\/\/carlofon-shop.de\/shop\/produkt\/aqua-tec-75-korrosionsschutz-200-l-fass\/"},"modified":"2025-01-17T11:56:13","modified_gmt":"2025-01-17T10:56:13","slug":"aqua-tec-75-korrosionsschutz-200-l-fass","status":"publish","type":"product","link":"https:\/\/carlofon-shop.de\/shop\/produkt\/aqua-tec-75-korrosionsschutz-200-l-fass\/","title":{"rendered":"Aqua-Tec 75 Korrosionsschutz &#8211; Preis auf Anfrage"},"content":{"rendered":"<p>Wasserverd\u00fcnnbare, v\u00f6llig l\u00f6sungsmittelarme<\/p>\n<p>Korrosionsschutzdispersion mit hervorragenden<\/p>\n<p>Schutzeigenschaften. Das Produkt bildet einen<\/p>\n<p>transparenten, weichen Film. Kann sowohl auf Eisen,<\/p>\n<p>als auch auf Nichteisenmetallen als Korrosionsschutz<\/p>\n<p>eingesetzt werden.<\/p>\n<p>Waterdilutable, extremely low solvent content wax<\/p>\n<p>dispersion with excellent corrosion protection. The<\/p>\n<p>product forms a transparent, soft film.<\/p>\n","protected":false},"excerpt":{"rendered":"<p>Wasserverd\u00fcnnbare, v\u00f6llig l\u00f6sungsmittelarme Korrosionsschutzdispersion mit hervorragenden Schutzeigenschaften. Das Produkt bildet einen transparenten, weichen Film. Kann sowohl auf Eisen, als auch auf Nichteisenmetallen als Korrosionsschutz eingesetzt werden. Waterdilutable, extremely low solvent content wax dispersion with excellent corrosion protection. The product forms a transparent, soft film.<\/p>\n","protected":false},"featured_media":3803,"template":"","meta":{"_et_pb_use_builder":"","_et_pb_old_content":"","_et_gb_content_width":""},"product_brand":[],"product_cat":[1978],"product_tag":[1756,1332,1757],"class_list":{"0":"post-4270","1":"product","2":"type-product","3":"status-publish","4":"has-post-thumbnail","6":"product_cat-korrosionsschutz","7":"product_tag-aqua-tec","8":"product_tag-carlofon","9":"product_tag-korrosionsschutz6","11":"first","12":"instock","13":"taxable","14":"shipping-taxable","15":"product-type-variable"},"_links":{"self":[{"href":"https:\/\/carlofon-shop.de\/shop\/wp-json\/wp\/v2\/product\/4270","targetHints":{"allow":["GET"]}}],"collection":[{"href":"https:\/\/carlofon-shop.de\/shop\/wp-json\/wp\/v2\/product"}],"about":[{"href":"https:\/\/carlofon-shop.de\/shop\/wp-json\/wp\/v2\/types\/product"}],"wp:featuredmedia":[{"embeddable":true,"href":"https:\/\/carlofon-shop.de\/shop\/wp-json\/wp\/v2\/media\/3803"}],"wp:attachment":[{"href":"https:\/\/carlofon-shop.de\/shop\/wp-json\/wp\/v2\/media?parent=4270"}],"wp:term":[{"taxonomy":"product_brand","embeddable":true,"href":"https:\/\/carlofon-shop.de\/shop\/wp-json\/wp\/v2\/product_brand?post=4270"},{"taxonomy":"product_cat","embeddable":true,"href":"https:\/\/carlofon-shop.de\/shop\/wp-json\/wp\/v2\/product_cat?post=4270"},{"taxonomy":"product_tag","embeddable":true,"href":"https:\/\/carlofon-shop.de\/shop\/wp-json\/wp\/v2\/product_tag?post=4270"}],"curies":[{"name":"wp","href":"https:\/\/api.w.org\/{rel}","templated":true}]}}