{"id":4266,"date":"2021-07-01T19:11:26","date_gmt":"2021-07-01T17:11:26","guid":{"rendered":"https:\/\/carlofon-shop.de\/shop\/produkt\/auto-innen-reiniger-de-luxe\/"},"modified":"2022-08-31T16:08:21","modified_gmt":"2022-08-31T14:08:21","slug":"auto-innen-reiniger-de-luxe","status":"publish","type":"product","link":"https:\/\/carlofon-shop.de\/shop\/produkt\/auto-innen-reiniger-de-luxe\/","title":{"rendered":"Auto-Innen-Reiniger De Luxe"},"content":{"rendered":"<p><strong>500 ml Spr\u00fchflasche,\u00a0VPE 10<\/strong><\/p>\n<\/p>\n<p>Der anwendungsfertige Oberfl\u00e4chenreiniger f\u00fcr KFZ, Haushalt und Gewerbe. Fingerabdr\u00fccke, Staub, Fett und \u00e4hnliche Verschmutzungen werden schnell und gr\u00fcndlich entfernt. Erzeugt auf allen glatten Oberfl\u00e4chen sowie auch auf unpolaren Materialien wie Kunststoffen (Navidisplay, FT etc.) ein r\u00fcckstands- und streifenfreies Reinigungsergebnis. Auch optimal zur Reinigung von L\u00fcftungsschlitzen, Textilien etc. geeignet, da die Rezeptur keine Wasserr\u00e4nder und Chemier\u00fcckst\u00e4nde hinterl\u00e4sst. Mit angenehmem Duft.\u00a0<\/p>\n<p><strong>Anwendungsgebiete:\u00a0<\/strong><\/p>\n<p>Glatte Oberfl\u00e4chen, Edelstahl, Kunststoffe, Leder etc. sowie Textilien mittels Reinigungspistole.\u00a0<\/p>\n<p><strong>Anwendungsempfehlung:\u00a0<\/strong><\/p>\n<p>Verschmutzte Stelle pur einspr\u00fchen, kurz einwirken lassen und mit Microfasertuch abwischen. Vor Anwendung auf Eignung und Vertr\u00e4glichkeit pr\u00fcfen.<\/p>\n","protected":false},"excerpt":{"rendered":"<p>500 ml Spr\u00fchflasche,\u00a0VPE 10 Der anwendungsfertige Oberfl\u00e4chenreiniger f\u00fcr KFZ, Haushalt und Gewerbe. Fingerabdr\u00fccke, Staub, Fett und \u00e4hnliche Verschmutzungen werden schnell und gr\u00fcndlich entfernt. Erzeugt auf allen glatten Oberfl\u00e4chen sowie auch auf unpolaren Materialien wie Kunststoffen (Navidisplay, FT etc.) ein r\u00fcckstands- und streifenfreies Reinigungsergebnis. Auch optimal zur Reinigung von L\u00fcftungsschlitzen, Textilien etc. geeignet, da die Rezeptur [&hellip;]<\/p>\n","protected":false},"featured_media":3795,"template":"","meta":{"_et_pb_use_builder":"","_et_pb_old_content":"","_et_gb_content_width":""},"product_brand":[],"product_cat":[394,58],"product_tag":[1831,1830,1829,1795,1534],"class_list":{"0":"post-4266","1":"product","2":"type-product","3":"status-publish","4":"has-post-thumbnail","6":"product_cat-polituren-und-zubehoer","7":"product_cat-reinigung-und-pflege","8":"product_tag-de-luxe","9":"product_tag-deluxe","10":"product_tag-innenreiniger","11":"product_tag-reinigen","12":"product_tag-reiniger","14":"first","15":"instock","16":"taxable","17":"shipping-taxable","18":"product-type-simple"},"_links":{"self":[{"href":"https:\/\/carlofon-shop.de\/shop\/wp-json\/wp\/v2\/product\/4266","targetHints":{"allow":["GET"]}}],"collection":[{"href":"https:\/\/carlofon-shop.de\/shop\/wp-json\/wp\/v2\/product"}],"about":[{"href":"https:\/\/carlofon-shop.de\/shop\/wp-json\/wp\/v2\/types\/product"}],"wp:featuredmedia":[{"embeddable":true,"href":"https:\/\/carlofon-shop.de\/shop\/wp-json\/wp\/v2\/media\/3795"}],"wp:attachment":[{"href":"https:\/\/carlofon-shop.de\/shop\/wp-json\/wp\/v2\/media?parent=4266"}],"wp:term":[{"taxonomy":"product_brand","embeddable":true,"href":"https:\/\/carlofon-shop.de\/shop\/wp-json\/wp\/v2\/product_brand?post=4266"},{"taxonomy":"product_cat","embeddable":true,"href":"https:\/\/carlofon-shop.de\/shop\/wp-json\/wp\/v2\/product_cat?post=4266"},{"taxonomy":"product_tag","embeddable":true,"href":"https:\/\/carlofon-shop.de\/shop\/wp-json\/wp\/v2\/product_tag?post=4266"}],"curies":[{"name":"wp","href":"https:\/\/api.w.org\/{rel}","templated":true}]}}