{"id":4209,"date":"2021-07-01T19:11:12","date_gmt":"2021-07-01T17:11:12","guid":{"rendered":"https:\/\/carlofon-shop.de\/shop\/produkt\/carlofon-super-wax-plus-transparent-500-ml-spraydose\/"},"modified":"2025-01-17T11:57:22","modified_gmt":"2025-01-17T10:57:22","slug":"carlofon-super-wax-plus-transparent-500-ml-spraydose","status":"publish","type":"product","link":"https:\/\/carlofon-shop.de\/shop\/produkt\/carlofon-super-wax-plus-transparent-500-ml-spraydose\/","title":{"rendered":"Carlofon Super Wax Plus transparent"},"content":{"rendered":"<p>500 ml Spraydose<\/p>\n<p>Carlofon Super Wax Plus ist ein transparentes, tropffrei zu verarbeitendes Wachs. Das Produkt verdr\u00e4ngt Feuchtigkeit und hat ein gutes Spaltkriechverm\u00f6gen.<\/p>\n<p>Der Trockenfilm ist bis ca. 180\u00b0C stabil. Es entsteht kaum Geruchsbildung nach dem trocknen.<\/p>\n<p><strong>Wasserverdr\u00e4ngender Korrosionsschutz<\/strong><\/p>\n<p>Wachsartig<br \/>\nFilm Dick &gt; 100 \u00b5<br \/>\nTransparent<br \/>\nSchutzbest\u00e4ndigkeit 48 Monate innen<br \/>\nSchutzbest\u00e4ndigkeit 36 Monate au\u00dfen<\/p>\n<p><strong>Produkt<\/strong><\/p>\n<p>Transparentes, tropffrei zu verarbeitendes Wachs. Gutes Spaltkriechverm\u00f6gen, feuchtigskeitsverdr\u00e4ngend, Temperaturbest\u00e4ndigkeit bis ca. 180\u00b0C.<\/p>\n<p><strong>Anwendung<\/strong><\/p>\n<p>Hohlraum- und Fl\u00e4chenkorrosionsschutz, insbesondere auch f\u00fcr in Wagenfarbe lackierte Fahrzeug-Unterb\u00f6den geeignet!<\/p>\n<p><strong>Entfernung<\/strong><\/p>\n<p>Vorzugsweise mit Carlofon-AUTOCLEANER, alternativ entfernbar mit alkalischem Reiniger Carlofon-MULTICLEAN oder L\u00f6semittel, z.B. Carlofon-Silikonentferner.\u00a0 \u00c4ltere Beschichtungen k\u00f6nnen mechanische Erntfernung (z.B. Trockeneisstrahlen) und \/ oder Nachreinigung der Oberfl\u00e4che mit Schleifvlies erfordern.<\/p>\n<p>VPE 12<\/p>\n<p>Carlofon Super Wax Plus is a transparent, trip-free applicable wax. The product has good penetrating and moisture displacing properties. The dryfilm is resistant up to about 180\u00b0C. Nearly no odour after drying.<\/p>\n","protected":false},"excerpt":{"rendered":"<p>500 ml Spraydose Carlofon Super Wax Plus ist ein transparentes, tropffrei zu verarbeitendes Wachs. Das Produkt verdr\u00e4ngt Feuchtigkeit und hat ein gutes Spaltkriechverm\u00f6gen. Der Trockenfilm ist bis ca. 180\u00b0C stabil. Es entsteht kaum Geruchsbildung nach dem trocknen. Wasserverdr\u00e4ngender Korrosionsschutz Wachsartig Film Dick &gt; 100 \u00b5 Transparent Schutzbest\u00e4ndigkeit 48 Monate innen Schutzbest\u00e4ndigkeit 36 Monate au\u00dfen Produkt [&hellip;]<\/p>\n","protected":false},"featured_media":7358,"template":"","meta":{"_et_pb_use_builder":"","_et_pb_old_content":"","_et_gb_content_width":""},"product_brand":[],"product_cat":[1978],"product_tag":[1332,1731,1730,494],"class_list":{"0":"post-4209","1":"product","2":"type-product","3":"status-publish","4":"has-post-thumbnail","6":"product_cat-korrosionsschutz","7":"product_tag-carlofon","8":"product_tag-plus","9":"product_tag-super-wax","10":"product_tag-transparent","12":"first","13":"instock","14":"taxable","15":"shipping-taxable","16":"product-type-variable"},"_links":{"self":[{"href":"https:\/\/carlofon-shop.de\/shop\/wp-json\/wp\/v2\/product\/4209","targetHints":{"allow":["GET"]}}],"collection":[{"href":"https:\/\/carlofon-shop.de\/shop\/wp-json\/wp\/v2\/product"}],"about":[{"href":"https:\/\/carlofon-shop.de\/shop\/wp-json\/wp\/v2\/types\/product"}],"wp:featuredmedia":[{"embeddable":true,"href":"https:\/\/carlofon-shop.de\/shop\/wp-json\/wp\/v2\/media\/7358"}],"wp:attachment":[{"href":"https:\/\/carlofon-shop.de\/shop\/wp-json\/wp\/v2\/media?parent=4209"}],"wp:term":[{"taxonomy":"product_brand","embeddable":true,"href":"https:\/\/carlofon-shop.de\/shop\/wp-json\/wp\/v2\/product_brand?post=4209"},{"taxonomy":"product_cat","embeddable":true,"href":"https:\/\/carlofon-shop.de\/shop\/wp-json\/wp\/v2\/product_cat?post=4209"},{"taxonomy":"product_tag","embeddable":true,"href":"https:\/\/carlofon-shop.de\/shop\/wp-json\/wp\/v2\/product_tag?post=4209"}],"curies":[{"name":"wp","href":"https:\/\/api.w.org\/{rel}","templated":true}]}}