{"id":4117,"date":"2021-07-01T19:10:45","date_gmt":"2021-07-01T17:10:45","guid":{"rendered":"https:\/\/carlofon-shop.de\/shop\/produkt\/glasklar-10-l-kanne\/"},"modified":"2024-09-05T15:45:16","modified_gmt":"2024-09-05T13:45:16","slug":"glasklar-10-l-kanne","status":"publish","type":"product","link":"https:\/\/carlofon-shop.de\/shop\/produkt\/glasklar-10-l-kanne\/","title":{"rendered":"Glasklar  10 l Kanne"},"content":{"rendered":"<p>Kraftvoller Reiniger f\u00fcr Spiegel-, Glas- und Keramikfl\u00e4chen aller Art &#8211; innen und au\u00dfen.<\/p>\n<p>Windscreen cleaning foam for all windscreens and mirrors &#8211; inside and outside.<\/p>\n","protected":false},"excerpt":{"rendered":"<p>Kraftvoller Reiniger f\u00fcr Spiegel-, Glas- und Keramikfl\u00e4chen aller Art &#8211; innen und au\u00dfen. Windscreen cleaning foam for all windscreens and mirrors &#8211; inside and outside.<\/p>\n","protected":false},"featured_media":6854,"template":"","meta":{"_et_pb_use_builder":"","_et_pb_old_content":"","_et_gb_content_width":""},"product_brand":[],"product_cat":[58],"product_tag":[],"class_list":{"0":"post-4117","1":"product","2":"type-product","3":"status-publish","4":"has-post-thumbnail","6":"product_cat-reinigung-und-pflege","8":"first","9":"instock","10":"taxable","11":"shipping-taxable","12":"product-type-simple"},"_links":{"self":[{"href":"https:\/\/carlofon-shop.de\/shop\/wp-json\/wp\/v2\/product\/4117","targetHints":{"allow":["GET"]}}],"collection":[{"href":"https:\/\/carlofon-shop.de\/shop\/wp-json\/wp\/v2\/product"}],"about":[{"href":"https:\/\/carlofon-shop.de\/shop\/wp-json\/wp\/v2\/types\/product"}],"wp:featuredmedia":[{"embeddable":true,"href":"https:\/\/carlofon-shop.de\/shop\/wp-json\/wp\/v2\/media\/6854"}],"wp:attachment":[{"href":"https:\/\/carlofon-shop.de\/shop\/wp-json\/wp\/v2\/media?parent=4117"}],"wp:term":[{"taxonomy":"product_brand","embeddable":true,"href":"https:\/\/carlofon-shop.de\/shop\/wp-json\/wp\/v2\/product_brand?post=4117"},{"taxonomy":"product_cat","embeddable":true,"href":"https:\/\/carlofon-shop.de\/shop\/wp-json\/wp\/v2\/product_cat?post=4117"},{"taxonomy":"product_tag","embeddable":true,"href":"https:\/\/carlofon-shop.de\/shop\/wp-json\/wp\/v2\/product_tag?post=4117"}],"curies":[{"name":"wp","href":"https:\/\/api.w.org\/{rel}","templated":true}]}}