{"id":4081,"date":"2021-07-01T19:10:36","date_gmt":"2021-07-01T17:10:36","guid":{"rendered":"https:\/\/carlofon-shop.de\/shop\/produkt\/haerter-weiss-fuer-spachtel-50-g-tube\/"},"modified":"2022-10-14T08:12:21","modified_gmt":"2022-10-14T06:12:21","slug":"haerter-weiss-fuer-spachtel-50-g-tube","status":"publish","type":"product","link":"https:\/\/carlofon-shop.de\/shop\/produkt\/haerter-weiss-fuer-spachtel-50-g-tube\/","title":{"rendered":"H\u00e4rter wei\u00df f\u00fcr Spachtel 50 g Tube"},"content":{"rendered":"<p>50 g Tube<\/p>\n","protected":false},"excerpt":{"rendered":"<p>50 g Tube<\/p>\n","protected":false},"featured_media":3429,"template":"","meta":{"_et_pb_use_builder":"","_et_pb_old_content":"","_et_gb_content_width":""},"product_brand":[],"product_cat":[36],"product_tag":[],"class_list":{"0":"post-4081","1":"product","2":"type-product","3":"status-publish","4":"has-post-thumbnail","6":"product_cat-spachtel-und-fueller","8":"first","9":"outofstock","10":"taxable","11":"shipping-taxable","12":"product-type-simple"},"_links":{"self":[{"href":"https:\/\/carlofon-shop.de\/shop\/wp-json\/wp\/v2\/product\/4081","targetHints":{"allow":["GET"]}}],"collection":[{"href":"https:\/\/carlofon-shop.de\/shop\/wp-json\/wp\/v2\/product"}],"about":[{"href":"https:\/\/carlofon-shop.de\/shop\/wp-json\/wp\/v2\/types\/product"}],"wp:featuredmedia":[{"embeddable":true,"href":"https:\/\/carlofon-shop.de\/shop\/wp-json\/wp\/v2\/media\/3429"}],"wp:attachment":[{"href":"https:\/\/carlofon-shop.de\/shop\/wp-json\/wp\/v2\/media?parent=4081"}],"wp:term":[{"taxonomy":"product_brand","embeddable":true,"href":"https:\/\/carlofon-shop.de\/shop\/wp-json\/wp\/v2\/product_brand?post=4081"},{"taxonomy":"product_cat","embeddable":true,"href":"https:\/\/carlofon-shop.de\/shop\/wp-json\/wp\/v2\/product_cat?post=4081"},{"taxonomy":"product_tag","embeddable":true,"href":"https:\/\/carlofon-shop.de\/shop\/wp-json\/wp\/v2\/product_tag?post=4081"}],"curies":[{"name":"wp","href":"https:\/\/api.w.org\/{rel}","templated":true}]}}