{"id":4073,"date":"2021-07-01T19:10:34","date_gmt":"2021-07-01T17:10:34","guid":{"rendered":"https:\/\/carlofon-shop.de\/shop\/produkt\/heiss-und-schaumglanz-25-l-kanne\/"},"modified":"2024-07-17T15:43:01","modified_gmt":"2024-07-17T13:43:01","slug":"heiss-und-schaumglanz-25-l-kanne","status":"publish","type":"product","link":"https:\/\/carlofon-shop.de\/shop\/produkt\/heiss-und-schaumglanz-25-l-kanne\/","title":{"rendered":"Hei\u00df und Schaumglanz 25 l Kanne"},"content":{"rendered":"<p>Glanzgebendes Konzentrat f\u00fcr die Fahrzeugtrocknung mit tempor\u00e4rer Lackkonservierung f\u00fcr alle modernen Fahrzeugwaschanlagen oder SB-Waschpl\u00e4tze.<br \/>\nNach dem Aufspr\u00fchen rei\u00dft der Wasserfilm sofort auf, so dass eine optimale Trocknung erreicht wird. Gleichzeitig erh\u00e4lt das Fahrzeug eine Glanzkonservierung.<\/p>\n<p>Hot-and Foam-gloss concentrate with very good drying characteristics causes the quick breakdown of the water film and thorough run-off of the remaining water drops supported by the blower.<br \/>\nThe paint is protected temporarily and is given a visible shine effect and a short-term paint preservation.<\/p>\n","protected":false},"excerpt":{"rendered":"<p>Glanzgebendes Konzentrat f\u00fcr die Fahrzeugtrocknung mit tempor\u00e4rer Lackkonservierung f\u00fcr alle modernen Fahrzeugwaschanlagen oder SB-Waschpl\u00e4tze. Nach dem Aufspr\u00fchen rei\u00dft der Wasserfilm sofort auf, so dass eine optimale Trocknung erreicht wird. Gleichzeitig erh\u00e4lt das Fahrzeug eine Glanzkonservierung. Hot-and Foam-gloss concentrate with very good drying characteristics causes the quick breakdown of the water film and thorough run-off of [&hellip;]<\/p>\n","protected":false},"featured_media":3413,"template":"","meta":{"_et_pb_use_builder":"","_et_pb_old_content":"","_et_gb_content_width":""},"product_brand":[],"product_cat":[58,1764],"product_tag":[1888,1885,1887,1890,1807,1889],"class_list":{"0":"post-4073","1":"product","2":"type-product","3":"status-publish","4":"has-post-thumbnail","6":"product_cat-reinigung-und-pflege","7":"product_cat-sonderangebot","8":"product_tag-25-liter","9":"product_tag-angebot","10":"product_tag-autowaesche","11":"product_tag-heissglanz","12":"product_tag-outlet","13":"product_tag-schaumglanz","15":"first","16":"instock","17":"taxable","18":"shipping-taxable","19":"product-type-simple"},"_links":{"self":[{"href":"https:\/\/carlofon-shop.de\/shop\/wp-json\/wp\/v2\/product\/4073","targetHints":{"allow":["GET"]}}],"collection":[{"href":"https:\/\/carlofon-shop.de\/shop\/wp-json\/wp\/v2\/product"}],"about":[{"href":"https:\/\/carlofon-shop.de\/shop\/wp-json\/wp\/v2\/types\/product"}],"wp:featuredmedia":[{"embeddable":true,"href":"https:\/\/carlofon-shop.de\/shop\/wp-json\/wp\/v2\/media\/3413"}],"wp:attachment":[{"href":"https:\/\/carlofon-shop.de\/shop\/wp-json\/wp\/v2\/media?parent=4073"}],"wp:term":[{"taxonomy":"product_brand","embeddable":true,"href":"https:\/\/carlofon-shop.de\/shop\/wp-json\/wp\/v2\/product_brand?post=4073"},{"taxonomy":"product_cat","embeddable":true,"href":"https:\/\/carlofon-shop.de\/shop\/wp-json\/wp\/v2\/product_cat?post=4073"},{"taxonomy":"product_tag","embeddable":true,"href":"https:\/\/carlofon-shop.de\/shop\/wp-json\/wp\/v2\/product_tag?post=4073"}],"curies":[{"name":"wp","href":"https:\/\/api.w.org\/{rel}","templated":true}]}}