{"id":3066,"date":"2021-07-01T17:53:25","date_gmt":"2021-07-01T15:53:25","guid":{"rendered":"https:\/\/carlofon-shop.de\/shop\/produkt\/reinigungsnadel-fuer-spritzduesen-set-a-6-stueck\/"},"modified":"2024-05-21T11:40:31","modified_gmt":"2024-05-21T09:40:31","slug":"reinigungsnadel-fuer-spritzduesen-set-a-6-stueck","status":"publish","type":"product","link":"https:\/\/carlofon-shop.de\/shop\/produkt\/reinigungsnadel-fuer-spritzduesen-set-a-6-stueck\/","title":{"rendered":"Reinigungsnadel f\u00fcr Spritzd\u00fcsen (Set \u00e1 6 St\u00fcck)"},"content":{"rendered":"<p>Reinigungsnadel f\u00fcr Spritzd\u00fcsen (Set \u00e1 6 St\u00fcck)<\/p>\n<p>D 4511<\/p>\n","protected":false},"excerpt":{"rendered":"<p>Reinigungsnadel f\u00fcr Spritzd\u00fcsen (Set \u00e1 6 St\u00fcck) D 4511<\/p>\n","protected":false},"featured_media":3065,"template":"","meta":{"_et_pb_use_builder":"","_et_pb_old_content":"","_et_gb_content_width":""},"product_brand":[],"product_cat":[39,58,48],"product_tag":[],"class_list":{"0":"post-3066","1":"product","2":"type-product","3":"status-publish","4":"has-post-thumbnail","6":"product_cat-pumpen-und-zubehoer","7":"product_cat-reinigung-und-pflege","8":"product_cat-verbrauchsmaterialien","10":"first","11":"instock","12":"taxable","13":"shipping-taxable","14":"product-type-simple"},"_links":{"self":[{"href":"https:\/\/carlofon-shop.de\/shop\/wp-json\/wp\/v2\/product\/3066","targetHints":{"allow":["GET"]}}],"collection":[{"href":"https:\/\/carlofon-shop.de\/shop\/wp-json\/wp\/v2\/product"}],"about":[{"href":"https:\/\/carlofon-shop.de\/shop\/wp-json\/wp\/v2\/types\/product"}],"wp:featuredmedia":[{"embeddable":true,"href":"https:\/\/carlofon-shop.de\/shop\/wp-json\/wp\/v2\/media\/3065"}],"wp:attachment":[{"href":"https:\/\/carlofon-shop.de\/shop\/wp-json\/wp\/v2\/media?parent=3066"}],"wp:term":[{"taxonomy":"product_brand","embeddable":true,"href":"https:\/\/carlofon-shop.de\/shop\/wp-json\/wp\/v2\/product_brand?post=3066"},{"taxonomy":"product_cat","embeddable":true,"href":"https:\/\/carlofon-shop.de\/shop\/wp-json\/wp\/v2\/product_cat?post=3066"},{"taxonomy":"product_tag","embeddable":true,"href":"https:\/\/carlofon-shop.de\/shop\/wp-json\/wp\/v2\/product_tag?post=3066"}],"curies":[{"name":"wp","href":"https:\/\/api.w.org\/{rel}","templated":true}]}}