{"id":2992,"date":"2021-07-01T17:52:34","date_gmt":"2021-07-01T15:52:34","guid":{"rendered":"https:\/\/carlofon-shop.de\/shop\/produkt\/schwemmzinnersatz-180-ml-kartusche-inkl-haerter\/"},"modified":"2025-11-19T15:26:28","modified_gmt":"2025-11-19T14:26:28","slug":"schwemmzinnersatz-180-ml-kartusche-inkl-haerter","status":"publish","type":"product","link":"https:\/\/carlofon-shop.de\/shop\/produkt\/schwemmzinnersatz-180-ml-kartusche-inkl-haerter\/","title":{"rendered":"Schwemmzinnersatz 195 ml Kartusche inkl. H\u00e4rter"},"content":{"rendered":"<h2>Schwemmzinnersatz 195 ml Kartusche (inkl. H\u00e4rter)<\/h2>\n<p>Schwemmzinnersatz ist ein hochwertiger 2K-Epoxy-F\u00fcllspachtel mit lamellarer Pigmentierung und mit universeller\u00a0Haftung auf Eisen, Stahl, Aluminium, Zink, GfK und Holz. Schwemmzinnersatz kann als Ersatz f\u00fcr Arbeiten mit\u00a0Schwemmzinn verwendet werden. Das Produkt ist leicht zu verspachteln, kann schon nach kurzer Trocknungszeit\u00a0gut und staubarm geschliffen werden und weist eine hohe Haft- und Biegefestigkeit auf. Eine Verarbeitung auf\u00a0senkrechten Fl\u00e4chen ist problemlos m\u00f6glich. Gute Best\u00e4ndigkeit gegen Benzin, Diesel und verd\u00fcnnte S\u00e4uren.<\/p>\n<ul>\n<li><strong>Farbton silbergrau-metallic grob<\/strong><\/li>\n<li><strong>Lagerung:<\/strong> im verschlossenen Originalgebinde mindestens 2 Jahre<\/li>\n<li><strong>VOC-Gesetzgebung:<\/strong> EU-Grenzwert f\u00fcr das Produkt Kategorie B\/b 250 g\/l<\/li>\n<\/ul>\n<p>Dieses Produkt enth\u00e4lt max. 65 g\/l<\/p>\n<p><strong>Verarbeitungsbedingungen:<\/strong> Ab +10 \u00b0C und bis 80 % relative Luftfeuchtigkeit. F\u00fcr ausreichende Zu- und Abluft sorgen.<\/p>\n<p><strong>Verarbeitungshinweise:<\/strong><\/p>\n<p>Der Untergrund muss sauber, trocken und fettfrei sein. Oberfl\u00e4chen anschleifen. Nicht ausgeh\u00e4rtete Altlackierungen oder Grundierungen entfernen. Nicht auf\u00a0thermoplastischen oder s\u00e4urehaltigen Produkten (Reaktionsprimer) verarbeiten. Spachtelmaterial und H\u00e4rter gut mischen. Die gesamte zu lackierende Fl\u00e4che vor\u00a0jedem Arbeitsgang mit Carlofon Silikonentferner reinigen und entfetten. Schadhafte Stellen metallisch blank entrosten und mit Schleifpapier P 80 \/ 150 trocken\u00a0schleifen. Nach Trocknung Trockenschliff mit Schleifpapier P 150 \/ 240. Die ganze Fl\u00e4che vor dem F\u00fcllerauftrag mit Trockenschleifpapier P 240 \/ 360 matt schleifen.<\/p>\n<p>&nbsp;<\/p>\n","protected":false},"excerpt":{"rendered":"<p>Schwemmzinnersatz 195 ml Kartusche (inkl. H\u00e4rter) Schwemmzinnersatz ist ein hochwertiger 2K-Epoxy-F\u00fcllspachtel mit lamellarer Pigmentierung und mit universeller\u00a0Haftung auf Eisen, Stahl, Aluminium, Zink, GfK und Holz. Schwemmzinnersatz kann als Ersatz f\u00fcr Arbeiten mit\u00a0Schwemmzinn verwendet werden. Das Produkt ist leicht zu verspachteln, kann schon nach kurzer Trocknungszeit\u00a0gut und staubarm geschliffen werden und weist eine hohe Haft- und [&hellip;]<\/p>\n","protected":false},"featured_media":7708,"template":"","meta":{"_et_pb_use_builder":"","_et_pb_old_content":"","_et_gb_content_width":""},"product_brand":[],"product_cat":[36],"product_tag":[1332,1902,1586,1583],"class_list":{"0":"post-2992","1":"product","2":"type-product","3":"status-publish","4":"has-post-thumbnail","6":"product_cat-spachtel-und-fueller","7":"product_tag-carlofon","8":"product_tag-doppel-kartusche","9":"product_tag-kartusche","10":"product_tag-schwemmzinnersatz","12":"first","13":"instock","14":"taxable","15":"shipping-taxable","16":"product-type-simple"},"_links":{"self":[{"href":"https:\/\/carlofon-shop.de\/shop\/wp-json\/wp\/v2\/product\/2992","targetHints":{"allow":["GET"]}}],"collection":[{"href":"https:\/\/carlofon-shop.de\/shop\/wp-json\/wp\/v2\/product"}],"about":[{"href":"https:\/\/carlofon-shop.de\/shop\/wp-json\/wp\/v2\/types\/product"}],"wp:featuredmedia":[{"embeddable":true,"href":"https:\/\/carlofon-shop.de\/shop\/wp-json\/wp\/v2\/media\/7708"}],"wp:attachment":[{"href":"https:\/\/carlofon-shop.de\/shop\/wp-json\/wp\/v2\/media?parent=2992"}],"wp:term":[{"taxonomy":"product_brand","embeddable":true,"href":"https:\/\/carlofon-shop.de\/shop\/wp-json\/wp\/v2\/product_brand?post=2992"},{"taxonomy":"product_cat","embeddable":true,"href":"https:\/\/carlofon-shop.de\/shop\/wp-json\/wp\/v2\/product_cat?post=2992"},{"taxonomy":"product_tag","embeddable":true,"href":"https:\/\/carlofon-shop.de\/shop\/wp-json\/wp\/v2\/product_tag?post=2992"}],"curies":[{"name":"wp","href":"https:\/\/api.w.org\/{rel}","templated":true}]}}