{"id":2798,"date":"2021-07-01T17:51:11","date_gmt":"2021-07-01T15:51:11","guid":{"rendered":"https:\/\/carlofon-shop.de\/shop\/produkt\/universal-verduenner-1-l-dose\/"},"modified":"2025-01-17T12:04:55","modified_gmt":"2025-01-17T11:04:55","slug":"universal-verduenner","status":"publish","type":"product","link":"https:\/\/carlofon-shop.de\/shop\/produkt\/universal-verduenner\/","title":{"rendered":"Universal Verd\u00fcnner"},"content":{"rendered":"<p>Verd\u00fcnnungsmittel f\u00fcr Nitro-, Kombinations- und<\/p>\n<p>Kunstharzlacke. Entfernt Schmutz, Fett- und Farbflecken<\/p>\n<p>von Holz- und Steinb\u00f6den, Glas, etc.<\/p>\n<p>VPE 6<\/p>\n<p>Universal thinner for nitro combination and synthetic<\/p>\n<p>lacquers. Removes dirt-, grease- and paint-spots<\/p>\n<p>from wooden- and stone-floors, glass a.s.o.<\/p>\n","protected":false},"excerpt":{"rendered":"<p>Verd\u00fcnnungsmittel f\u00fcr Nitro-, Kombinations- und Kunstharzlacke. Entfernt Schmutz, Fett- und Farbflecken von Holz- und Steinb\u00f6den, Glas, etc. VPE 6 Universal thinner for nitro combination and synthetic lacquers. Removes dirt-, grease- and paint-spots from wooden- and stone-floors, glass a.s.o.<\/p>\n","protected":false},"featured_media":2797,"template":"","meta":{"_et_pb_use_builder":"","_et_pb_old_content":"","_et_gb_content_width":""},"product_brand":[],"product_cat":[1982],"product_tag":[1332,1680,1746,1494],"class_list":{"0":"post-2798","1":"product","2":"type-product","3":"status-publish","4":"has-post-thumbnail","6":"product_cat-klarlack","7":"product_tag-carlofon","8":"product_tag-universal","9":"product_tag-verduenner","10":"product_tag-verduennung","12":"first","13":"instock","14":"taxable","15":"shipping-taxable","16":"product-type-variable"},"_links":{"self":[{"href":"https:\/\/carlofon-shop.de\/shop\/wp-json\/wp\/v2\/product\/2798","targetHints":{"allow":["GET"]}}],"collection":[{"href":"https:\/\/carlofon-shop.de\/shop\/wp-json\/wp\/v2\/product"}],"about":[{"href":"https:\/\/carlofon-shop.de\/shop\/wp-json\/wp\/v2\/types\/product"}],"wp:featuredmedia":[{"embeddable":true,"href":"https:\/\/carlofon-shop.de\/shop\/wp-json\/wp\/v2\/media\/2797"}],"wp:attachment":[{"href":"https:\/\/carlofon-shop.de\/shop\/wp-json\/wp\/v2\/media?parent=2798"}],"wp:term":[{"taxonomy":"product_brand","embeddable":true,"href":"https:\/\/carlofon-shop.de\/shop\/wp-json\/wp\/v2\/product_brand?post=2798"},{"taxonomy":"product_cat","embeddable":true,"href":"https:\/\/carlofon-shop.de\/shop\/wp-json\/wp\/v2\/product_cat?post=2798"},{"taxonomy":"product_tag","embeddable":true,"href":"https:\/\/carlofon-shop.de\/shop\/wp-json\/wp\/v2\/product_tag?post=2798"}],"curies":[{"name":"wp","href":"https:\/\/api.w.org\/{rel}","templated":true}]}}