{"id":2786,"date":"2021-07-01T17:51:08","date_gmt":"2021-07-01T15:51:08","guid":{"rendered":"https:\/\/carlofon-shop.de\/shop\/produkt\/unterbodenschutz-protect-schwarz-spray-ueberlack-500-ml-spraydose\/"},"modified":"2025-01-17T12:05:21","modified_gmt":"2025-01-17T11:05:21","slug":"unterbodenschutz-protect-schwarz-spray-ueberlack-500-ml-spraydose","status":"publish","type":"product","link":"https:\/\/carlofon-shop.de\/shop\/produkt\/unterbodenschutz-protect-schwarz-spray-ueberlack-500-ml-spraydose\/","title":{"rendered":"Unterbodenschutz Protect schwarz Spray, \u00fcberlackierbar, 500 ml Spraydose"},"content":{"rendered":"<p><span style=\"font-size: 13px;\">500 ml Spraydose<\/span><\/p>\n<p>Auf Kautschukbasis, \u00fcberlackierbar, mit Zink-<br \/>\nRostschutzadditiv, besonders schnell trocknend,<br \/>\nfrei von aggressiven L\u00f6semitteln, dauerelastisch,<br \/>\nsteinschlag- und streusalzfest, PVC-vertr\u00e4glich.<\/p>\n<p>VPE 12<\/p>\n<p>Rubber based, paintable, with zinc additives, very fast<br \/>\ndrying body-protection without aggresive solvents,<br \/>\nconstant elasticity, resistant against stone-chipping<br \/>\nand de-icing salt. PVC-peaceable.<\/p>\n","protected":false},"excerpt":{"rendered":"<p>500 ml Spraydose Auf Kautschukbasis, \u00fcberlackierbar, mit Zink- Rostschutzadditiv, besonders schnell trocknend, frei von aggressiven L\u00f6semitteln, dauerelastisch, steinschlag- und streusalzfest, PVC-vertr\u00e4glich. VPE 12 Rubber based, paintable, with zinc additives, very fast drying body-protection without aggresive solvents, constant elasticity, resistant against stone-chipping and de-icing salt. PVC-peaceable.<\/p>\n","protected":false},"featured_media":2785,"template":"","meta":{"_et_pb_use_builder":"","_et_pb_old_content":"","_et_gb_content_width":""},"product_brand":[],"product_cat":[1978],"product_tag":[1332,1736,1436,1732,1479],"class_list":{"0":"post-2786","1":"product","2":"type-product","3":"status-publish","4":"has-post-thumbnail","6":"product_cat-korrosionsschutz","7":"product_tag-carlofon","8":"product_tag-protect","9":"product_tag-spray","10":"product_tag-ubs","11":"product_tag-unterbodenschutz","13":"first","14":"instock","15":"taxable","16":"shipping-taxable","17":"product-type-simple"},"_links":{"self":[{"href":"https:\/\/carlofon-shop.de\/shop\/wp-json\/wp\/v2\/product\/2786","targetHints":{"allow":["GET"]}}],"collection":[{"href":"https:\/\/carlofon-shop.de\/shop\/wp-json\/wp\/v2\/product"}],"about":[{"href":"https:\/\/carlofon-shop.de\/shop\/wp-json\/wp\/v2\/types\/product"}],"wp:featuredmedia":[{"embeddable":true,"href":"https:\/\/carlofon-shop.de\/shop\/wp-json\/wp\/v2\/media\/2785"}],"wp:attachment":[{"href":"https:\/\/carlofon-shop.de\/shop\/wp-json\/wp\/v2\/media?parent=2786"}],"wp:term":[{"taxonomy":"product_brand","embeddable":true,"href":"https:\/\/carlofon-shop.de\/shop\/wp-json\/wp\/v2\/product_brand?post=2786"},{"taxonomy":"product_cat","embeddable":true,"href":"https:\/\/carlofon-shop.de\/shop\/wp-json\/wp\/v2\/product_cat?post=2786"},{"taxonomy":"product_tag","embeddable":true,"href":"https:\/\/carlofon-shop.de\/shop\/wp-json\/wp\/v2\/product_tag?post=2786"}],"curies":[{"name":"wp","href":"https:\/\/api.w.org\/{rel}","templated":true}]}}