{"id":2744,"date":"2021-07-01T17:50:50","date_gmt":"2021-07-01T15:50:50","guid":{"rendered":"https:\/\/carlofon-shop.de\/shop\/produkt\/winkelduese-fuer-schnellkupplung-hsd-73\/"},"modified":"2023-03-29T10:10:09","modified_gmt":"2023-03-29T08:10:09","slug":"winkelduese-fuer-schnellkupplung-hsd-73","status":"publish","type":"product","link":"https:\/\/carlofon-shop.de\/shop\/produkt\/winkelduese-fuer-schnellkupplung-hsd-73\/","title":{"rendered":"Winkeld\u00fcse f\u00fcr Schnellkupplung HSD 73"},"content":{"rendered":"<p>D\u00fcse mit Zubeh\u00f6r (1 Winkeld\u00fcse, 1 Rundd\u00fcse).<br \/> F\u00fcr die Verarbeitung von mittel- bis hochviskoser<br \/> Hohlraumversiegelung aus dem Druckbecher.<\/p>\n<p>Pressurised spray gun complete, including two flexible<br \/> hose nozzles. For low viscosity compounds.<\/p>\n","protected":false},"excerpt":{"rendered":"<p>D\u00fcse mit Zubeh\u00f6r (1 Winkeld\u00fcse, 1 Rundd\u00fcse). F\u00fcr die Verarbeitung von mittel- bis hochviskoser Hohlraumversiegelung aus dem Druckbecher. Pressurised spray gun complete, including two flexible hose nozzles. For low viscosity compounds.<\/p>\n","protected":false},"featured_media":2743,"template":"","meta":{"_et_pb_use_builder":"","_et_pb_old_content":"","_et_gb_content_width":""},"product_brand":[],"product_cat":[38],"product_tag":[],"class_list":{"0":"post-2744","1":"product","2":"type-product","3":"status-publish","4":"has-post-thumbnail","6":"product_cat-verarbeitungsgeraete-und-werkzeuge","8":"first","9":"instock","10":"taxable","11":"shipping-taxable","12":"product-type-simple"},"_links":{"self":[{"href":"https:\/\/carlofon-shop.de\/shop\/wp-json\/wp\/v2\/product\/2744","targetHints":{"allow":["GET"]}}],"collection":[{"href":"https:\/\/carlofon-shop.de\/shop\/wp-json\/wp\/v2\/product"}],"about":[{"href":"https:\/\/carlofon-shop.de\/shop\/wp-json\/wp\/v2\/types\/product"}],"wp:featuredmedia":[{"embeddable":true,"href":"https:\/\/carlofon-shop.de\/shop\/wp-json\/wp\/v2\/media\/2743"}],"wp:attachment":[{"href":"https:\/\/carlofon-shop.de\/shop\/wp-json\/wp\/v2\/media?parent=2744"}],"wp:term":[{"taxonomy":"product_brand","embeddable":true,"href":"https:\/\/carlofon-shop.de\/shop\/wp-json\/wp\/v2\/product_brand?post=2744"},{"taxonomy":"product_cat","embeddable":true,"href":"https:\/\/carlofon-shop.de\/shop\/wp-json\/wp\/v2\/product_cat?post=2744"},{"taxonomy":"product_tag","embeddable":true,"href":"https:\/\/carlofon-shop.de\/shop\/wp-json\/wp\/v2\/product_tag?post=2744"}],"curies":[{"name":"wp","href":"https:\/\/api.w.org\/{rel}","templated":true}]}}