{"id":4910,"date":"2021-12-09T11:45:33","date_gmt":"2021-12-09T10:45:33","guid":{"rendered":"https:\/\/carlofon-shop.de\/shop\/?page_id=4910"},"modified":"2021-12-09T12:10:35","modified_gmt":"2021-12-09T11:10:35","slug":"datenblaetter","status":"publish","type":"page","link":"https:\/\/carlofon-shop.de\/shop\/datenblaetter\/","title":{"rendered":"Datenbl\u00e4tter"},"content":{"rendered":"[et_pb_section fb_built=&#8221;1&#8243; _builder_version=&#8221;4.9.7&#8243; background_color=&#8221;#f1f1f1&#8243; custom_margin=&#8221;0px||0px||false|false&#8221; custom_padding=&#8221;0px||0px||false|false&#8221; global_colors_info=&#8221;{}&#8221; theme_builder_area=&#8221;post_content&#8221;][et_pb_row use_custom_gutter=&#8221;on&#8221; gutter_width=&#8221;1&#8243; make_equal=&#8221;on&#8221; padding_top_bottom_link_1=&#8221;true&#8221; padding_top_bottom_link_2=&#8221;false&#8221; padding_left_right_link_1=&#8221;true&#8221; _builder_version=&#8221;4.9.7&#8243; background_color=&#8221;#000000&#8243; width=&#8221;100%&#8221; max_width=&#8221;2560px&#8221; height=&#8221;466px&#8221; custom_margin=&#8221;-60px||0px||false|false&#8221; custom_padding=&#8221;0px|0px|0|0px|false|false&#8221; custom_width_px__hover=&#8221;1080px&#8221; custom_width_px__hover_enabled=&#8221;1080px&#8221; custom_width_percent__hover=&#8221;80%&#8221; custom_width_percent__hover_enabled=&#8221;80%&#8221; global_colors_info=&#8221;{}&#8221; make_fullwidth__hover=&#8221;off&#8221; make_fullwidth__hover_enabled=&#8221;off&#8221; use_custom_width__hover=&#8221;off&#8221; use_custom_width__hover_enabled=&#8221;off&#8221; width_unit__hover=&#8221;on&#8221; width_unit__hover_enabled=&#8221;on&#8221; use_custom_gutter__hover=&#8221;off&#8221; use_custom_gutter__hover_enabled=&#8221;off&#8221; gutter_width__hover=&#8221;3&#8243; gutter_width__hover_enabled=&#8221;3&#8243; make_equal__hover=&#8221;off&#8221; make_equal__hover_enabled=&#8221;off&#8221; theme_builder_area=&#8221;post_content&#8221;][et_pb_column type=&#8221;4_4&#8243; _builder_version=&#8221;4.9.7&#8243; background_color=&#8221;#FFFFFF&#8221; background_enable_image=&#8221;off&#8221; custom_padding=&#8221;0px|60px|0px|60px|true|true&#8221; custom_padding_tablet=&#8221;30px|30px|30px|30px|true|true&#8221; custom_padding_phone=&#8221;|||&#8221; custom_padding_last_edited=&#8221;on|phone&#8221; global_colors_info=&#8221;{}&#8221; padding_phone=&#8221;|||&#8221; padding_tablet=&#8221;30px|30px|30px|30px|true|true&#8221; padding_last_edited=&#8221;on|phone&#8221; custom_padding__hover=&#8221;|||&#8221; theme_builder_area=&#8221;post_content&#8221;][et_pb_slider _builder_version=&#8221;4.9.7&#8243; _module_preset=&#8221;default&#8221; global_colors_info=&#8221;{}&#8221; theme_builder_area=&#8221;post_content&#8221;][\/et_pb_slider][et_pb_slider _builder_version=&#8221;4.14.2&#8243; _module_preset=&#8221;default&#8221; background_color=&#8221;#f3e518&#8243; height=&#8221;357px&#8221; custom_margin=&#8221;0px||0px||false|false&#8221; custom_padding=&#8221;0px||0px||false|false&#8221; auto=&#8221;on&#8221; link_option_url=&#8221;mailto:datenblaetter@call-carlofon.de&#8221; link_option_url_new_window=&#8221;on&#8221; hover_enabled=&#8221;0&#8243; global_colors_info=&#8221;{}&#8221; theme_builder_area=&#8221;post_content&#8221; sticky_enabled=&#8221;0&#8243;][et_pb_slide heading=&#8221;Datenbl\u00e4tter&#8221; button_text=&#8221;Hier anfordern&#8221; button_link=&#8221;mailto:datenblaetter@call-carlofon.de&#8221; _builder_version=&#8221;4.14.2&#8243; _module_preset=&#8221;default&#8221; background_color=&#8221;#FFFFFF&#8221; background_enable_color=&#8221;on&#8221; background_image=&#8221;https:\/\/carlofon-shop.de\/shop\/wp-content\/uploads\/2021\/07\/AdobeStock_89179068-scaled.jpeg&#8221; background_enable_image=&#8221;on&#8221; custom_padding=&#8221;||||false|false&#8221; hover_enabled=&#8221;0&#8243; global_colors_info=&#8221;{}&#8221; sticky_transition=&#8221;on&#8221; theme_builder_area=&#8221;post_content&#8221; link_option_url_new_window=&#8221;on&#8221; sticky_enabled=&#8221;0&#8243;][\/et_pb_slide][\/et_pb_slider][\/et_pb_column][\/et_pb_row][et_pb_row _builder_version=&#8221;4.14.2&#8243; _module_preset=&#8221;default&#8221; column_structure=&#8221;1_2,1_2&#8243; theme_builder_area=&#8221;post_content&#8221;][et_pb_column _builder_version=&#8221;4.14.2&#8243; _module_preset=&#8221;default&#8221; type=&#8221;1_2&#8243; theme_builder_area=&#8221;post_content&#8221;][et_pb_image src=&#8221;https:\/\/carlofon-shop.de\/shop\/wp-content\/uploads\/2021\/12\/steffprofil_kl.png&#8221; _builder_version=&#8221;4.14.2&#8243; _module_preset=&#8221;default&#8221; theme_builder_area=&#8221;post_content&#8221; title_text=&#8221;steffprofil_kl&#8221; hover_enabled=&#8221;0&#8243; sticky_enabled=&#8221;0&#8243; align=&#8221;center&#8221; box_shadow_style=&#8221;preset2&#8243;][\/et_pb_image][et_pb_image src=&#8221;https:\/\/carlofon-shop.de\/shop\/wp-content\/uploads\/2021\/12\/Logo-2021.png&#8221; _builder_version=&#8221;4.14.2&#8243; _module_preset=&#8221;default&#8221; theme_builder_area=&#8221;post_content&#8221; title_text=&#8221;Logo 2021&#8243; hover_enabled=&#8221;0&#8243; sticky_enabled=&#8221;0&#8243; width=&#8221;49%&#8221; align=&#8221;center&#8221;][\/et_pb_image][\/et_pb_column][et_pb_column _builder_version=&#8221;4.14.2&#8243; _module_preset=&#8221;default&#8221; type=&#8221;1_2&#8243; theme_builder_area=&#8221;post_content&#8221;][et_pb_text _builder_version=&#8221;4.14.2&#8243; _module_preset=&#8221;default&#8221; theme_builder_area=&#8221;post_content&#8221; hover_enabled=&#8221;0&#8243; sticky_enabled=&#8221;0&#8243;]\n<h1>Datenbl\u00e4tter anfordern<\/h1>\n<p>Sie erhalten Sicherheitsdatenbl\u00e4tter und technische Datenbl\u00e4tter \u00fcber die von uns zur Verwaltung beauftragte Agentur.<\/p>\n<p><strong>Kontakdaten:<\/strong><\/p>\n<p>Ihr Checkpoint<br \/>Ihre Ansprechpartnerin: Stephanie Sch\u00fctte<br \/>B\u00e4ckerstra\u00dfe 30 A<br \/>31737 Rinteln<\/p>\n<p>Tel. 0 57 51 &#8211; 993 19 84<\/p>\n<p>Fax 0 57 51 &#8211; 705 26 82<\/p>\n<p>E-Mail: <a href=\"mailto:datenblaetter@call-carlofon.de\">datenblaetter@call-carlofon.de<\/a><\/p>\n<p><strong>Mehr zum Checkpoint: <\/strong><\/p>\n<p><a href=\"https:\/\/www.ihr-checkpoint.de\" target=\"_blank\" rel=\"noopener\">www.ihr-checkpoint.de<\/a><\/p>\n<p>&nbsp;<\/p>\n<p>&nbsp;<\/p>\n[\/et_pb_text][\/et_pb_column][\/et_pb_row][\/et_pb_section]\n","protected":false},"excerpt":{"rendered":"<p>Datenbl\u00e4tter anfordern Sie erhalten Sicherheitsdatenbl\u00e4tter und technische Datenbl\u00e4tter \u00fcber die von uns zur Verwaltung beauftragte Agentur. Kontakdaten: Ihr CheckpointIhre Ansprechpartnerin: Stephanie Sch\u00fctteB\u00e4ckerstra\u00dfe 30 A31737 Rinteln Tel. 0 57 51 &#8211; 993 19 84 Fax 0 57 51 &#8211; 705 26 82 E-Mail: datenblaetter@call-carlofon.de Mehr zum Checkpoint: www.ihr-checkpoint.de &nbsp; &nbsp;<\/p>\n","protected":false},"author":1,"featured_media":0,"parent":0,"menu_order":0,"comment_status":"closed","ping_status":"closed","template":"","meta":{"_et_pb_use_builder":"on","_et_pb_old_content":"","_et_gb_content_width":"","footnotes":""},"class_list":["post-4910","page","type-page","status-publish","hentry"],"_links":{"self":[{"href":"https:\/\/carlofon-shop.de\/shop\/wp-json\/wp\/v2\/pages\/4910","targetHints":{"allow":["GET"]}}],"collection":[{"href":"https:\/\/carlofon-shop.de\/shop\/wp-json\/wp\/v2\/pages"}],"about":[{"href":"https:\/\/carlofon-shop.de\/shop\/wp-json\/wp\/v2\/types\/page"}],"author":[{"embeddable":true,"href":"https:\/\/carlofon-shop.de\/shop\/wp-json\/wp\/v2\/users\/1"}],"replies":[{"embeddable":true,"href":"https:\/\/carlofon-shop.de\/shop\/wp-json\/wp\/v2\/comments?post=4910"}],"version-history":[{"count":4,"href":"https:\/\/carlofon-shop.de\/shop\/wp-json\/wp\/v2\/pages\/4910\/revisions"}],"predecessor-version":[{"id":4918,"href":"https:\/\/carlofon-shop.de\/shop\/wp-json\/wp\/v2\/pages\/4910\/revisions\/4918"}],"wp:attachment":[{"href":"https:\/\/carlofon-shop.de\/shop\/wp-json\/wp\/v2\/media?parent=4910"}],"curies":[{"name":"wp","href":"https:\/\/api.w.org\/{rel}","templated":true}]}}