{"id":18,"date":"2021-07-01T11:08:26","date_gmt":"2021-07-01T09:08:26","guid":{"rendered":"https:\/\/carlofon-shop.de\/shop\/bezahlmoeglichkeiten\/"},"modified":"2021-07-01T20:13:55","modified_gmt":"2021-07-01T18:13:55","slug":"bezahlmoeglichkeiten","status":"publish","type":"page","link":"https:\/\/carlofon-shop.de\/shop\/bezahlmoeglichkeiten\/","title":{"rendered":"Zahlungsarten"},"content":{"rendered":"[et_pb_section fb_built=&#8221;1&#8243; _builder_version=&#8221;4.9.7&#8243; _module_preset=&#8221;default&#8221;][et_pb_row _builder_version=&#8221;4.9.7&#8243; _module_preset=&#8221;default&#8221;][et_pb_column type=&#8221;4_4&#8243; _builder_version=&#8221;4.9.7&#8243; _module_preset=&#8221;default&#8221;][et_pb_text _builder_version=&#8221;4.9.7&#8243; _module_preset=&#8221;default&#8221; hover_enabled=&#8221;0&#8243; sticky_enabled=&#8221;0&#8243;]\n<h2>Achtung!<\/h2>\n<p><strong>Unser Shop ist ein reiner B2B-Shop. Die Preise werden netto (exkl. ges. MwSt.) angezeigt.\u00a0<\/strong><\/p>\n<p>Carlofon Stammkunden k\u00f6nnen Ihre pers\u00f6nlichen Zugangsdaten per Email an\u00a0<a href=\"mailto:webshop@call-carlofon.de\">webshop@call-carlofon.de<\/a>\u00a0anfordern und so anschlie\u00dfend mit ihren individuell vereinbarten Preisen bestellen.<\/p>\n<p>Neukunden k\u00f6nnen sich registrieren und sich anschlie\u00dfend durch Gewerbenachweis legitimieren. Bei Neukunden arbeiten wir grunds\u00e4tzlich mit Paypal bzw. Vorkasse \/ Vorab-Bank\u00fcberweisung.<\/p>\n<h2>Zahlung Ihrer Bestellung<\/h2>\n<p>Ihre Bestellung k\u00f6nnen Sie bei uns per<span>\u00a0<\/span><strong>Vorkasse<\/strong>\u00a0oder via<span>\u00a0<\/span><strong>Paypal<\/strong><span>\u00a0<\/span>zahlen.<\/p>\n<p>Sollten Sie bereits Kunde der Carlofon GmbH sein, so k\u00f6nnen Sie au\u00dferdem Zahlung per<span>\u00a0<\/span><strong>Rechnung<\/strong><span>\u00a0<\/span>w\u00e4hlen. Zahlungsziel 30 Tage.<\/p>\n[\/et_pb_text][\/et_pb_column][\/et_pb_row][\/et_pb_section]\n","protected":false},"excerpt":{"rendered":"<p>Achtung! Unser Shop ist ein reiner B2B-Shop. Die Preise werden netto (exkl. ges. MwSt.) angezeigt.\u00a0 Carlofon Stammkunden k\u00f6nnen Ihre pers\u00f6nlichen Zugangsdaten per Email an\u00a0webshop@call-carlofon.de\u00a0anfordern und so anschlie\u00dfend mit ihren individuell vereinbarten Preisen bestellen. Neukunden k\u00f6nnen sich registrieren und sich anschlie\u00dfend durch Gewerbenachweis legitimieren. Bei Neukunden arbeiten wir grunds\u00e4tzlich mit Paypal bzw. Vorkasse \/ Vorab-Bank\u00fcberweisung. Zahlung [&hellip;]<\/p>\n","protected":false},"author":1,"featured_media":0,"parent":0,"menu_order":0,"comment_status":"closed","ping_status":"closed","template":"","meta":{"_et_pb_use_builder":"on","_et_pb_old_content":"[payment_methods_info]","_et_gb_content_width":"","footnotes":""},"class_list":["post-18","page","type-page","status-publish","hentry"],"_links":{"self":[{"href":"https:\/\/carlofon-shop.de\/shop\/wp-json\/wp\/v2\/pages\/18","targetHints":{"allow":["GET"]}}],"collection":[{"href":"https:\/\/carlofon-shop.de\/shop\/wp-json\/wp\/v2\/pages"}],"about":[{"href":"https:\/\/carlofon-shop.de\/shop\/wp-json\/wp\/v2\/types\/page"}],"author":[{"embeddable":true,"href":"https:\/\/carlofon-shop.de\/shop\/wp-json\/wp\/v2\/users\/1"}],"replies":[{"embeddable":true,"href":"https:\/\/carlofon-shop.de\/shop\/wp-json\/wp\/v2\/comments?post=18"}],"version-history":[{"count":3,"href":"https:\/\/carlofon-shop.de\/shop\/wp-json\/wp\/v2\/pages\/18\/revisions"}],"predecessor-version":[{"id":4392,"href":"https:\/\/carlofon-shop.de\/shop\/wp-json\/wp\/v2\/pages\/18\/revisions\/4392"}],"wp:attachment":[{"href":"https:\/\/carlofon-shop.de\/shop\/wp-json\/wp\/v2\/media?parent=18"}],"curies":[{"name":"wp","href":"https:\/\/api.w.org\/{rel}","templated":true}]}}